{"id":47,"date":"2020-02-11T09:15:53","date_gmt":"2020-02-11T08:15:53","guid":{"rendered":"http:\/\/www.climatisation-gfm.com\/GFM\/?page_id=47"},"modified":"2020-02-11T11:33:02","modified_gmt":"2020-02-11T10:33:02","slug":"nos-solutions-en-milieu-professionel","status":"publish","type":"page","link":"http:\/\/www.climatisation-gfm.com\/GFM\/nos-solutions-en-milieu-professionel\/","title":{"rendered":"NOS SOLUTIONS  EN MILIEU PROFESSIONNEL"},"content":{"rendered":"\n<p>&nbsp;&nbsp;&nbsp;&nbsp;La fra\u00eecheur, un impact sur le chiffre d&rsquo;affaire<\/p>\n\n\n\n<p><strong>Boutique <\/strong><br> Nos solutions<\/p>\n\n\n\n<p>split-system<\/p>\n\n\n\n<p>Twin-system<\/p>\n\n\n\n<p>Les + de GFM<\/p>\n\n\n\n<ul><li>Travail en horaires d\u00e9cal\u00e9s<\/li><\/ul>\n\n\n\n<figure class=\"wp-block-image size-large\"><img loading=\"lazy\" decoding=\"async\" width=\"378\" height=\"189\" src=\"http:\/\/www.climatisation-gfm.com\/GFM\/wp-content\/uploads\/2020\/02\/image-1.png\" alt=\"\" class=\"wp-image-62\" srcset=\"http:\/\/www.climatisation-gfm.com\/GFM\/wp-content\/uploads\/2020\/02\/image-1.png 378w, http:\/\/www.climatisation-gfm.com\/GFM\/wp-content\/uploads\/2020\/02\/image-1-300x150.png 300w\" sizes=\"(max-width: 378px) 100vw, 378px\" \/><\/figure>\n\n\n\n<p><strong>Bureaux<\/strong><\/p>\n\n\n\n<p>Le confort au travail <\/p>\n\n\n\n<p>Les + de GFM<\/p>\n\n\n\n<ul><li>Plan d&rsquo;intervention pour travail en milieu occup\u00e9<\/li><li>Travail en horaire d\u00e9cal\u00e9<\/li><li>Ing\u00e9nieure avant chantier<\/li><\/ul>\n\n\n\n<p>Nos solutions <\/p>\n\n\n\n<ul><li>split &#8211; system<\/li><\/ul>\n\n\n\n<figure class=\"wp-block-image size-large\"><img loading=\"lazy\" decoding=\"async\" width=\"350\" height=\"243\" src=\"http:\/\/www.climatisation-gfm.com\/GFM\/wp-content\/uploads\/2020\/02\/image-2.png\" alt=\"\" class=\"wp-image-67\" srcset=\"http:\/\/www.climatisation-gfm.com\/GFM\/wp-content\/uploads\/2020\/02\/image-2.png 350w, http:\/\/www.climatisation-gfm.com\/GFM\/wp-content\/uploads\/2020\/02\/image-2-300x208.png 300w\" sizes=\"(max-width: 350px) 100vw, 350px\" \/><\/figure>\n\n\n\n<p><strong>Restaurant<\/strong><\/p>\n\n\n\n<ul><li>La fra\u00eecheur, des clients suppl\u00e9mentaires &#8211;<\/li><\/ul>\n\n\n\n<p>Les + de GFM<\/p>\n\n\n\n<ul><li>Travail en horaires d\u00e9cal\u00e9s<\/li><\/ul>\n\n\n\n<p>Nos solutions <\/p>\n\n\n\n<ul><li>split-system<\/li><li>Twin-system<\/li><\/ul>\n\n\n\n<figure class=\"wp-block-image size-large\"><img loading=\"lazy\" decoding=\"async\" width=\"350\" height=\"243\" src=\"http:\/\/www.climatisation-gfm.com\/GFM\/wp-content\/uploads\/2020\/02\/image-3.png\" alt=\"\" class=\"wp-image-68\" srcset=\"http:\/\/www.climatisation-gfm.com\/GFM\/wp-content\/uploads\/2020\/02\/image-3.png 350w, http:\/\/www.climatisation-gfm.com\/GFM\/wp-content\/uploads\/2020\/02\/image-3-300x208.png 300w\" sizes=\"(max-width: 350px) 100vw, 350px\" \/><\/figure>\n\n\n\n<p><strong>H\u00f4tel<\/strong><\/p>\n\n\n\n<ul><li>Une gestion centralis\u00e9e de tous les espaces &#8211;<\/li><\/ul>\n\n\n\n<p>Les + de GFM<\/p>\n\n\n\n<ul><li>Plan d&rsquo;intervention pour travail en milieu occup\u00e9<\/li><\/ul>\n\n\n\n<p>Nos solutions <\/p>\n\n\n\n<ul><li>DRV &#8211; split<\/li><\/ul>\n\n\n\n<figure class=\"wp-block-image size-large\"><img loading=\"lazy\" decoding=\"async\" width=\"350\" height=\"233\" src=\"http:\/\/www.climatisation-gfm.com\/GFM\/wp-content\/uploads\/2020\/02\/image-4.png\" alt=\"\" class=\"wp-image-69\" srcset=\"http:\/\/www.climatisation-gfm.com\/GFM\/wp-content\/uploads\/2020\/02\/image-4.png 350w, http:\/\/www.climatisation-gfm.com\/GFM\/wp-content\/uploads\/2020\/02\/image-4-300x200.png 300w\" sizes=\"(max-width: 350px) 100vw, 350px\" \/><\/figure>\n","protected":false},"excerpt":{"rendered":"<p>&nbsp;&nbsp;&nbsp;&nbsp;La fra\u00eecheur, un impact sur le chiffre d&rsquo;affaire Boutique Nos solutions split-system Twin-system Les + de GFM Travail en horaires d\u00e9cal\u00e9s Bureaux Le confort au travail Les + de GFM Plan d&rsquo;intervention pour travail en milieu occup\u00e9 Travail en horaire d\u00e9cal\u00e9 Ing\u00e9nieure avant chantier Nos solutions split &#8211; system Restaurant La fra\u00eecheur, des clients suppl\u00e9mentaires &hellip; <\/p>\n<p class=\"link-more\"><a href=\"http:\/\/www.climatisation-gfm.com\/GFM\/nos-solutions-en-milieu-professionel\/\" class=\"more-link\">Continuer la lecture<span class=\"screen-reader-text\"> de &laquo;&nbsp;NOS SOLUTIONS  EN MILIEU PROFESSIONNEL&nbsp;&raquo;<\/span><\/a><\/p>\n","protected":false},"author":1,"featured_media":0,"parent":0,"menu_order":0,"comment_status":"closed","ping_status":"closed","template":"","meta":{"footnotes":""},"_links":{"self":[{"href":"http:\/\/www.climatisation-gfm.com\/GFM\/wp-json\/wp\/v2\/pages\/47"}],"collection":[{"href":"http:\/\/www.climatisation-gfm.com\/GFM\/wp-json\/wp\/v2\/pages"}],"about":[{"href":"http:\/\/www.climatisation-gfm.com\/GFM\/wp-json\/wp\/v2\/types\/page"}],"author":[{"embeddable":true,"href":"http:\/\/www.climatisation-gfm.com\/GFM\/wp-json\/wp\/v2\/users\/1"}],"replies":[{"embeddable":true,"href":"http:\/\/www.climatisation-gfm.com\/GFM\/wp-json\/wp\/v2\/comments?post=47"}],"version-history":[{"count":5,"href":"http:\/\/www.climatisation-gfm.com\/GFM\/wp-json\/wp\/v2\/pages\/47\/revisions"}],"predecessor-version":[{"id":71,"href":"http:\/\/www.climatisation-gfm.com\/GFM\/wp-json\/wp\/v2\/pages\/47\/revisions\/71"}],"wp:attachment":[{"href":"http:\/\/www.climatisation-gfm.com\/GFM\/wp-json\/wp\/v2\/media?parent=47"}],"curies":[{"name":"wp","href":"https:\/\/api.w.org\/{rel}","templated":true}]}}