{"id":51,"date":"2020-02-11T09:15:53","date_gmt":"2020-02-11T08:15:53","guid":{"rendered":"http:\/\/www.climatisation-gfm.com\/GFM\/?page_id=51"},"modified":"2020-02-17T12:13:56","modified_gmt":"2020-02-17T11:13:56","slug":"nos-realisations","status":"publish","type":"page","link":"http:\/\/www.climatisation-gfm.com\/GFM\/nos-realisations\/","title":{"rendered":"NOS REALISATIONS"},"content":{"rendered":"\n<p><br> *Soci\u00e9t\u00e9 Protocole aviation: R\u00e9paration du syst\u00e8m pr\u00e9-climatisation<br> *Soci\u00e9t\u00e9 Total E&amp;P : Installation des splits \u00e0 la base industrielle<br>* Soci\u00e9t\u00e9 EAT : Installation et renouvellement des splits de l&rsquo;immeuble<br>* Soci\u00e9t\u00e9 ARCOPEC : Installation et modification des chambres froides sur bateau<br>* Soci\u00e9t\u00e9 GNCAC : Maintenance et r\u00e9paration de la climatisation du parc auto<br> *Soci\u00e9t\u00e9 JONHY : Installation et manitenance des chambres froides de 800 \u00e0 1500 m3<br> Intervention en offshore au CABINDA sur 10 chambres froides<br> *Soci\u00e9t\u00e9 CASINO : Installation des vitrines frigorifiques<\/p>\n\n\n\n<figure class=\"wp-block-image size-large\"><img loading=\"lazy\" decoding=\"async\" width=\"741\" height=\"952\" src=\"http:\/\/www.climatisation-gfm.com\/GFM\/wp-content\/uploads\/2020\/02\/image-7.png\" alt=\"\" class=\"wp-image-83\" srcset=\"http:\/\/www.climatisation-gfm.com\/GFM\/wp-content\/uploads\/2020\/02\/image-7.png 741w, http:\/\/www.climatisation-gfm.com\/GFM\/wp-content\/uploads\/2020\/02\/image-7-234x300.png 234w\" sizes=\"(max-width: 706px) 89vw, (max-width: 767px) 82vw, 740px\" \/><\/figure>\n\n\n\n<figure class=\"wp-block-image size-large\"><img loading=\"lazy\" decoding=\"async\" width=\"500\" height=\"186\" src=\"http:\/\/www.climatisation-gfm.com\/GFM\/wp-content\/uploads\/2020\/02\/image-8.png\" alt=\"\" class=\"wp-image-84\" srcset=\"http:\/\/www.climatisation-gfm.com\/GFM\/wp-content\/uploads\/2020\/02\/image-8.png 500w, http:\/\/www.climatisation-gfm.com\/GFM\/wp-content\/uploads\/2020\/02\/image-8-300x112.png 300w\" sizes=\"(max-width: 500px) 100vw, 500px\" \/><\/figure>\n\n\n\n<figure class=\"wp-block-image size-large\"><img loading=\"lazy\" decoding=\"async\" width=\"1024\" height=\"724\" src=\"http:\/\/www.climatisation-gfm.com\/GFM\/wp-content\/uploads\/2020\/02\/image-6-724x1024-1.png\" alt=\"\" class=\"wp-image-112\" srcset=\"http:\/\/www.climatisation-gfm.com\/GFM\/wp-content\/uploads\/2020\/02\/image-6-724x1024-1.png 1024w, http:\/\/www.climatisation-gfm.com\/GFM\/wp-content\/uploads\/2020\/02\/image-6-724x1024-1-300x212.png 300w, http:\/\/www.climatisation-gfm.com\/GFM\/wp-content\/uploads\/2020\/02\/image-6-724x1024-1-768x543.png 768w\" sizes=\"(max-width: 767px) 89vw, (max-width: 1000px) 54vw, (max-width: 1071px) 543px, 580px\" \/><\/figure>\n\n\n\n<figure class=\"wp-block-image size-large\"><img loading=\"lazy\" decoding=\"async\" width=\"1024\" height=\"888\" src=\"http:\/\/www.climatisation-gfm.com\/GFM\/wp-content\/uploads\/2020\/02\/image1-1024x888.jpg\" alt=\"\" class=\"wp-image-130\" srcset=\"http:\/\/www.climatisation-gfm.com\/GFM\/wp-content\/uploads\/2020\/02\/image1-1024x888.jpg 1024w, http:\/\/www.climatisation-gfm.com\/GFM\/wp-content\/uploads\/2020\/02\/image1-300x260.jpg 300w, http:\/\/www.climatisation-gfm.com\/GFM\/wp-content\/uploads\/2020\/02\/image1-768x666.jpg 768w, http:\/\/www.climatisation-gfm.com\/GFM\/wp-content\/uploads\/2020\/02\/image1-1536x1331.jpg 1536w, http:\/\/www.climatisation-gfm.com\/GFM\/wp-content\/uploads\/2020\/02\/image1.jpg 1636w\" sizes=\"(max-width: 767px) 89vw, (max-width: 1000px) 54vw, (max-width: 1071px) 543px, 580px\" \/><\/figure>\n","protected":false},"excerpt":{"rendered":"<p>*Soci\u00e9t\u00e9 Protocole aviation: R\u00e9paration du syst\u00e8m pr\u00e9-climatisation *Soci\u00e9t\u00e9 Total E&amp;P : Installation des splits \u00e0 la base industrielle* Soci\u00e9t\u00e9 EAT : Installation et renouvellement des splits de l&rsquo;immeuble* Soci\u00e9t\u00e9 ARCOPEC : Installation et modification des chambres froides sur bateau* Soci\u00e9t\u00e9 GNCAC : Maintenance et r\u00e9paration de la climatisation du parc auto *Soci\u00e9t\u00e9 JONHY : Installation &hellip; <\/p>\n<p class=\"link-more\"><a href=\"http:\/\/www.climatisation-gfm.com\/GFM\/nos-realisations\/\" class=\"more-link\">Continuer la lecture<span class=\"screen-reader-text\"> de &laquo;&nbsp;NOS REALISATIONS&nbsp;&raquo;<\/span><\/a><\/p>\n","protected":false},"author":1,"featured_media":0,"parent":0,"menu_order":0,"comment_status":"closed","ping_status":"closed","template":"","meta":{"footnotes":""},"_links":{"self":[{"href":"http:\/\/www.climatisation-gfm.com\/GFM\/wp-json\/wp\/v2\/pages\/51"}],"collection":[{"href":"http:\/\/www.climatisation-gfm.com\/GFM\/wp-json\/wp\/v2\/pages"}],"about":[{"href":"http:\/\/www.climatisation-gfm.com\/GFM\/wp-json\/wp\/v2\/types\/page"}],"author":[{"embeddable":true,"href":"http:\/\/www.climatisation-gfm.com\/GFM\/wp-json\/wp\/v2\/users\/1"}],"replies":[{"embeddable":true,"href":"http:\/\/www.climatisation-gfm.com\/GFM\/wp-json\/wp\/v2\/comments?post=51"}],"version-history":[{"count":5,"href":"http:\/\/www.climatisation-gfm.com\/GFM\/wp-json\/wp\/v2\/pages\/51\/revisions"}],"predecessor-version":[{"id":132,"href":"http:\/\/www.climatisation-gfm.com\/GFM\/wp-json\/wp\/v2\/pages\/51\/revisions\/132"}],"wp:attachment":[{"href":"http:\/\/www.climatisation-gfm.com\/GFM\/wp-json\/wp\/v2\/media?parent=51"}],"curies":[{"name":"wp","href":"https:\/\/api.w.org\/{rel}","templated":true}]}}